{"id":5137,"date":"2016-04-19T17:47:53","date_gmt":"2016-04-19T16:47:53","guid":{"rendered":"http:\/\/www.florianecaux.com\/en\/foire-aux-questions-photographe-de-mariage\/"},"modified":"2022-11-15T22:22:28","modified_gmt":"2022-11-15T21:22:28","slug":"foire-aux-questions-photographe-de-mariage","status":"publish","type":"page","link":"https:\/\/www.florianecaux.com\/en\/foire-aux-questions-photographe-de-mariage\/","title":{"rendered":"F.A.Q"},"content":{"rendered":"<div class=\"one withsmallpadding ppb_text\" style=\"padding: 30px 0 30px 0;\">\n<div class=\"standard_wrapper\">\n<div class=\"page_content_wrapper\">\n<div class=\"inner\">\n<div style=\"margin: auto; width: 100%;\">\n<h1><\/h1>\n<h1><\/h1>\n<h1 style=\"text-align: justify;\">F.A.Q Mariage<\/h1>\n<h2 style=\"text-align: justify;\"><img loading=\"lazy\" class=\"aligncenter wp-image-245 size-full\" src=\"https:\/\/www.florianecaux.com\/wp-content\/uploads\/2016\/04\/papillon-logo-floriane-caux.png\" alt=\"papillon-logo-floriane-caux\" width=\"200\" height=\"160\" \/><\/h2>\n<h2 style=\"text-align: justify;\">Est-ce que tu te d\u00e9places ?<\/h2>\n<p style=\"text-align: justify;\">Oui. Je privil\u00e9gie les mariages en r\u00e9gion Toulousaine, en Ari\u00e8ge et dans l\u2019Aude par commodit\u00e9. Cependant, je me d\u00e9place dans toute la France et \u00e0 l\u2019\u00e9tranger (notamment \u00e0 Santorin o\u00f9 je vais chaque ann\u00e9e photographier des mariages et elopement !).<\/p>\n<p style=\"text-align: justify;\">Nous pourrons d\u00e9terminer ensemble les diff\u00e9rentes options (train, voiture, avion\u2026) selon le lieu de votre mariage.<\/p>\n<p style=\"text-align: justify;\">(+voir question suivante)<\/p>\n<h2 style=\"text-align: justify;\">Tu es bas\u00e9e \u00e0 Toulouse, notre mariage se d\u00e9roulera \u00e0 Las Vegas, tu nous suis\u00a0?<\/h2>\n<p style=\"text-align: justify;\">Evidemment <em>(en plus je me suis mari\u00e9e \u00e0 Vegas aussi)<\/em>! Si mon travail vous touche et correspond exactement \u00e0 votre univers, n\u2019h\u00e9sitez pas \u00e0 me contacter m\u00eame si votre mariage se d\u00e9roule \u00e0 l\u2019\u00e9tranger ou dans une zone ext\u00e9rieure \u00e0 ma zone de couverture. Je vous demanderai cependant, de prendre en charge mes d\u00e9fraiements, un h\u00e9bergement et de faire en sorte que je puisse \u00eatre v\u00e9hicul\u00e9e le jour J (avec vous dans la voiture des mari\u00e9s, avec vos proches, en taxi, en pouss-pouss, ce qui est le plus simple pour vous). J\u2019ai des formules adaptables aux \u00ab destination weddings \u00bb.<\/p>\n<p style=\"text-align: justify;\">\n<p style=\"text-align: justify;\"><img loading=\"lazy\" class=\"aligncenter wp-image-247 size-thumbnail\" src=\"https:\/\/www.florianecaux.com\/wp-content\/uploads\/2016\/04\/eclair-logo-floriane-caux-150x150.png\" alt=\"eclair-logo-floriane-caux\" width=\"150\" height=\"150\" \/><\/p>\n<h2>Quel mat\u00e9riel utilises-tu ?<\/h2>\n<p>Je travaille avec deux appareils photos professionnels Canon 5D mark IV et 3 objectifs principaux de la s\u00e9rie L (24-70mm 2.8, 50mm 1.2, 85mm 1.2), un 35mm 1.4, compl\u00e9t\u00e9s par deux objectifs sp\u00e9cifiques que je sors selon mon envie (macro + tilt shift). J\u2019ai un flash, une panneau led, plein plein (plein!!) de cartes m\u00e9moire et plein plein (plein !) de petits bidules pour twister mes prises de vue le jour J !<\/p>\n<h2 style=\"text-align: justify;\">Nous avons opt\u00e9 pour une de tes formules, mais que justifie le tarif\u00a0?<\/h2>\n<p style=\"text-align: justify;\">Un mariage c\u2019est une journ\u00e9e d\u2019au moins 12 heures pour la prise de vue, \u00e0 laquelle il faut ajouter le temps de d\u00e9placement, ainsi que deux \u00e0 trois jours de travail pour trier le millier d\u2019images r\u00e9alis\u00e9es le jour J, puis des journ\u00e9es enti\u00e8res encore pour r\u00e9aliser le traitement de qualit\u00e9 de plusieurs centaines de clich\u00e9s (sur Lightroom). Vient ensuite la pr\u00e9paration des diff\u00e9rents supports de livraison (USB, packaging personnalis\u00e9s, livres photo, galerie web) ainsi que le co\u00fbt des supports eux-m\u00eames. Il faut \u00e9galement compter le temps pass\u00e9 en amont \u00e0 r\u00e9pondre aux emails, \u00e9laborer les devis, nos rdvs, la strat\u00e9gie marketing, etc\u2026 Sans oublier l\u2019amortissement de plusieurs milliers d\u2019euros pour le mat\u00e9riel photographique \u00e0 la pointe, les charges sociales ainsi que les imp\u00f4ts. En plus de tout cela, vous aurez la qualit\u00e9 et le regard d\u2019un photographe professionnel pour le seul souvenir concret que vous aurez de votre joli jour. Ne perdez pas de vue que le reportage photo de votre mariage sera le seul t\u00e9moin du souvenir de cette d\u00e9licieuse journ\u00e9e, que vous pourrez partager avec vos enfants et petits-enfants.<\/p>\n<h2 style=\"text-align: justify;\">Comment se passent les pr\u00e9paratifs de la mari\u00e9e\u00a0?<\/h2>\n<p style=\"text-align: justify;\">C\u2019est un doux moment que j\u2019appr\u00e9cie tout particuli\u00e8rement. Pour \u00eatre honn\u00eate, j\u2019estime que c\u2019est une \u00e9tape primordiale \u00e0 ne surtout pas zapper le jour J. C\u2019est un des moments de la journ\u00e9e le plus charg\u00e9 en \u00e9motions, et o\u00f9 je peux vraiment faire parler ma cr\u00e9ativit\u00e9. J\u2019assiste \u00e0 la coiffure, au maquillage et au moment o\u00f9 la Mari\u00e9e enfile sa jolie robe.<\/p>\n<p style=\"text-align: justify;\">Je peux \u00e9galement assister aux pr\u00e9paratifs du Mari\u00e9, ainsi qu\u2019au moment de votre d\u00e9couverte.<\/p>\n<p style=\"text-align: justify;\">Ce sont des moments charg\u00e9s en \u00e9motions, et je fais toujours en sorte d\u2019\u00eatre tr\u00e8s discr\u00e8te afin que vous puissiez profiter de ces moments avec vos proches.<\/p>\n<p style=\"text-align: justify;\"><img loading=\"lazy\" class=\"aligncenter wp-image-248 size-thumbnail\" src=\"https:\/\/www.florianecaux.com\/wp-content\/uploads\/2016\/04\/Pictos-Logo-FC-150x150.png\" alt=\"Pictos-Logo-FC\" width=\"150\" height=\"150\" \/><\/p>\n<h2 style=\"text-align: justify;\">Un deuxi\u00e8me photographe est-il n\u00e9cessaire\u00a0?<\/h2>\n<p style=\"text-align: justify;\">J\u2019aurais tendance \u00e0 vous dire \u00ab oui \u00bb ! (pour un jour comme celui-l\u00e0, en m\u00eame temps, c\u2019est normal\u2026). C\u2019est toujours mieux d\u2019avoir divers angles de prises de vues, surtout si vous avez plus de 150 invit\u00e9s \u00e0 votre mariage. Il est certain que tous les invit\u00e9s seront au moins une fois sur le reportage du mariage global, mais par exemple, lors du cocktail, j\u2019ai pour habitude de me faufiler entre les invit\u00e9s, de faire des portraits spontan\u00e9s, des gros plans, des photos de petits groupes en train de s\u2019amuser, et s\u2019il y a plus de 180 invit\u00e9s, ce n\u2019est humainement pas possible de prendre chacun d\u2019entre eux individuellement.<br \/>\nVous pouvez donc penser \u00e0 prendre un second photographe. J\u2019ai plein d\u2019amis photographes tr\u00e8s chouettes \u00e0 vous conseiller, avec qui j\u2019ai l\u2019habitude de travailler.<\/p>\n<h2 style=\"text-align: justify;\">Sur quels supports d\u00e9livres-tu nos photos de mariage\u00a0?<\/h2>\n<p style=\"text-align: justify;\">Je d\u00e9livre les photos du mariage dans un d\u00e9lai minimum de deux mois en haute saison, dans un coffret USB r\u00e9alis\u00e9 par mes soins.<\/p>\n<p style=\"text-align: justify;\">Dans un m\u00eame temps, une galerie photo priv\u00e9e sera mise \u00e0 votre disposition si vos invit\u00e9s souhaitent commander des tirages ou des albums photos de votre joli jour.<\/p>\n<p style=\"text-align: justify;\">Vous pouvez \u00e9galement opter pour des livres photo professionnels haut de gamme r\u00e9alis\u00e9s artisanalement dans un labo au Portugal (gros gros coup de coeur pour leurs produits qui sont exclusivement r\u00e9serv\u00e9s aux photographes professionnels !).<\/p>\n<h2 style=\"text-align: justify;\">Yeaaah ! Banco ! Comment peut-on te r\u00e9server pour notre mariage ?<\/h2>\n<p style=\"text-align: justify;\">Easy peasy guys !<br \/>\n\u2013 Il suffit de me contacter par email en me donnant tous les d\u00e9tails importants de votre Funky Wedding : date, lieux, nombre d\u2019invit\u00e9s, ambiance ou style de d\u00e9co et tout ce qui vous semble bon de partager avec moi.<br \/>\n\u2013 Je vous envoie ma superbe plaquette flambant neuve !<br \/>\n\u2013 Vous choisissez la formule de vos r\u00eaves et vous m\u2019en faites part afin que nous \u00e9tablissions un devis ensemble.<br \/>\n\u2013 Je vous envoie le devis et le contrat, si celui-ci vous convient, nous convenons d\u2019un rendez-vous physique ou via WhatsApp.<br \/>\n\u2013 Une fois devis et contrat sign\u00e9s, et l\u2019acompte de 30% vers\u00e9, la date sera d\u00e9finitivement r\u00e9serv\u00e9e !<\/p>\n<p style=\"text-align: justify;\"><em>(NB : face \u00e0 une demande tr\u00e8s forte concernant les reportages de mariages, je ne prends plus d\u2019option de r\u00e9servation. La r\u00e9servation se fera au plus rapide d\u00e8s que j\u2019aurai re\u00e7u devis, contrat et acompte et\/ou ceux qui m\u2019offrent le plus de th\u00e9s\/bi\u00e8res !!).<\/em><\/p>\n<\/div>\n<\/div>\n<\/div>\n<\/div>\n<\/div>\n","protected":false},"excerpt":{"rendered":"<p>F.A.Q Mariage Est-ce que tu te d\u00e9places ? Oui. Je privil\u00e9gie les mariages en r\u00e9gion Toulousaine, en Ari\u00e8ge et dans l\u2019Aude par commodit\u00e9. Cependant, je me d\u00e9place dans toute la France et \u00e0 l\u2019\u00e9tranger (notamment \u00e0 Santorin o\u00f9 je vais [&hellip;]<\/p>\n","protected":false},"author":1,"featured_media":0,"parent":0,"menu_order":0,"comment_status":"closed","ping_status":"closed","template":"","meta":[],"aioseo_notices":[],"_links":{"self":[{"href":"https:\/\/www.florianecaux.com\/en\/wp-json\/wp\/v2\/pages\/5137"}],"collection":[{"href":"https:\/\/www.florianecaux.com\/en\/wp-json\/wp\/v2\/pages"}],"about":[{"href":"https:\/\/www.florianecaux.com\/en\/wp-json\/wp\/v2\/types\/page"}],"author":[{"embeddable":true,"href":"https:\/\/www.florianecaux.com\/en\/wp-json\/wp\/v2\/users\/1"}],"replies":[{"embeddable":true,"href":"https:\/\/www.florianecaux.com\/en\/wp-json\/wp\/v2\/comments?post=5137"}],"version-history":[{"count":41,"href":"https:\/\/www.florianecaux.com\/en\/wp-json\/wp\/v2\/pages\/5137\/revisions"}],"predecessor-version":[{"id":14297,"href":"https:\/\/www.florianecaux.com\/en\/wp-json\/wp\/v2\/pages\/5137\/revisions\/14297"}],"wp:attachment":[{"href":"https:\/\/www.florianecaux.com\/en\/wp-json\/wp\/v2\/media?parent=5137"}],"curies":[{"name":"wp","href":"https:\/\/api.w.org\/{rel}","templated":true}]}}