{"id":5124,"date":"2016-04-18T17:23:06","date_gmt":"2016-04-18T16:23:06","guid":{"rendered":"http:\/\/www.florianecaux.com\/en\/engagement\/"},"modified":"2020-01-25T21:47:24","modified_gmt":"2020-01-25T20:47:24","slug":"engagement-photos-de-couple","status":"publish","type":"page","link":"https:\/\/www.florianecaux.com\/en\/engagement-photos-de-couple\/","title":{"rendered":"Engagement"},"content":{"rendered":"<div  class=\"one withsmallpadding ppb_text\" style=\"padding:30px 0 30px 0;\" >\n<div class=\"standard_wrapper\">\n<div class=\"page_content_wrapper\">\n<div class=\"inner\">\n<div style=\"margin:auto;width:100%\">\n<p style=\"text-align: justify;\">Quelques extraits choisis de s\u00e9ances photos de couple et s\u00e9ances engagement r\u00e9alis\u00e9es dans Toulouse, \u00e0 Brighton, \u00e0 New York, Santorin, Florence, dans les Pyr\u00e9n\u00e9es Ari\u00e9geoises&#8230;<\/p>\n<p style=\"text-align: justify;\">N&#8217;h\u00e9sitez pas \u00e0 jeter un oeil \u00e0 <a href=\"http:\/\/www.florianecaux.com\/blog\/\" target=\"_blank\" rel=\"noopener noreferrer\">mon blog<\/a> pour d\u00e9couvrir les articles de ces s\u00e9ances photos de couple !<\/p>\n<\/div>\n<\/div>\n<\/div>\n<\/div>\n<\/div>\n<div  class=\"one withsmallpadding ppb_text\" style=\"padding:30px 0 30px 0;\" >\n<div class=\"standard_wrapper\">\n<div class=\"page_content_wrapper\">\n<div class=\"inner\">\n<div style=\"margin:auto;width:100%\">\n<p style=\"text-align: justify;\">Quelques extraits choisis de s\u00e9ances photos de couple et s\u00e9ances engagement r\u00e9alis\u00e9es dans Toulouse, \u00e0 Brighton, \u00e0 New York, Santorin, Florence, dans les Pyr\u00e9n\u00e9es Ari\u00e9geoises&#8230;<\/p>\n<p style=\"text-align: justify;\">N&#8217;h\u00e9sitez pas \u00e0 jeter un oeil \u00e0 <a href=\"http:\/\/www.florianecaux.com\/blog\/\" target=\"_blank\" rel=\"noopener noreferrer\">mon blog<\/a> pour d\u00e9couvrir les articles de ces s\u00e9ances photos de couple !<\/p>\n<\/div>\n<\/div>\n<\/div>\n<\/div>\n<\/div>\n","protected":false},"excerpt":{"rendered":"<p>Quelques extraits choisis de s\u00e9ances photos de couple et s\u00e9ances engagement r\u00e9alis\u00e9es dans Toulouse, \u00e0 Brighton, \u00e0 New York, Santorin, Florence, dans les Pyr\u00e9n\u00e9es Ari\u00e9geoises&#8230; N&#8217;h\u00e9sitez pas \u00e0 jeter un oeil \u00e0 mon blog pour d\u00e9couvrir les articles de ces [&hellip;]<\/p>\n","protected":false},"author":1,"featured_media":0,"parent":0,"menu_order":0,"comment_status":"closed","ping_status":"closed","template":"","meta":[],"aioseo_notices":[],"_links":{"self":[{"href":"https:\/\/www.florianecaux.com\/en\/wp-json\/wp\/v2\/pages\/5124"}],"collection":[{"href":"https:\/\/www.florianecaux.com\/en\/wp-json\/wp\/v2\/pages"}],"about":[{"href":"https:\/\/www.florianecaux.com\/en\/wp-json\/wp\/v2\/types\/page"}],"author":[{"embeddable":true,"href":"https:\/\/www.florianecaux.com\/en\/wp-json\/wp\/v2\/users\/1"}],"replies":[{"embeddable":true,"href":"https:\/\/www.florianecaux.com\/en\/wp-json\/wp\/v2\/comments?post=5124"}],"version-history":[{"count":17,"href":"https:\/\/www.florianecaux.com\/en\/wp-json\/wp\/v2\/pages\/5124\/revisions"}],"predecessor-version":[{"id":11410,"href":"https:\/\/www.florianecaux.com\/en\/wp-json\/wp\/v2\/pages\/5124\/revisions\/11410"}],"wp:attachment":[{"href":"https:\/\/www.florianecaux.com\/en\/wp-json\/wp\/v2\/media?parent=5124"}],"curies":[{"name":"wp","href":"https:\/\/api.w.org\/{rel}","templated":true}]}}